{"id":837,"date":"2020-01-29T04:44:23","date_gmt":"2020-01-29T04:44:23","guid":{"rendered":"https:\/\/duplexo.cymolthemes.com\/?page_id=837"},"modified":"2026-05-14T09:30:20","modified_gmt":"2026-05-14T06:30:20","slug":"portfolio-style-1","status":"publish","type":"page","link":"https:\/\/colakoglu-as.com.tr\/?page_id=837","title":{"rendered":"Devam Eden Projeler"},"content":{"rendered":"<p>[vc_row cmt_bgimagefixed=&#8221;&#8221; full_width=&#8221;stretch_row&#8221; css=&#8221;.vc_custom_1582021974054{padding-top: 91px !important;padding-bottom: 60px !important;}&#8221; cmt_responsive_css=&#8221;27955549|colbreak_no|||||||||colbreak_no|||||50px||25px||colbreak_no||||||||||colbreak_no|||||||||&#8221;][vc_column]<div class=\"cymolthemes-boxes cymolthemes-boxes-portfolio cymolthemes-boxes-view-default cymolthemes-boxes-col-three cymolthemes-boxes-sortable-no cymolthemes-boxes-textalign-center\">\n\t\t<div class=\"cymolthemes-boxes-inner cymolthemes-boxes-portfolio-inner \"><div class=\"cymolthemes-box-heading-wrapper cmt-sboxelement-align-center\"><div class=\"cmt-element-heading-wrapper cmt-sboxheading-inner cmt-sboxelement-align-center cmt-seperator-none cmt-sboxheading-style-vertical \"><section class=\"cmt-sboxvc_cta3-container\"><div class=\"cmt-vc_general cmt-sboxvc_cta3 cmt-sboxcta3-only cmt-sboxvc_cta3-style-classic cmt-sboxvc_cta3-shape-rounded cmt-sboxvc_cta3-align-center cmt-sboxvc_cta3-color-transparent cmt-sboxvc_cta3-icon-size-md cmt-sboxvc_cta3-actions-no cmt-sboxcta3-without-desc\"><div class=\"cmt-vc_cta3_content-container\"><div class=\"cmt-vc_cta3-content\"><header class=\"cmt-vc_cta3-content-header cmt-section-wrapper\"><div class=\"cmt-sboxvc_cta3-headers cmt-section-wrapper-cell\"><h2 class=\"cmt-custom-heading \" >Devam Eden Projelerimiz<\/h2>\n<\/div><div class=\"heading-seperator\"><span><\/span><\/div><\/header><\/div><\/div><\/div><\/section><\/div> <!-- .cmt-element-heading-wrapper container --> <\/div> <!-- .cmt-element-heading-wrapper container --> \n\t\t\t\n\t\t\t<div class=\"row multi-columns-row cymolthemes-boxes-row-wrapper\">\n\t\t\t\t<div class=\"cmt-sboxbox-col-wrapper col-lg-4 col-sm-6 col-md-4 col-xs-12 devam-eden-isler\"><article class=\"cymolthemes-box cymolthemes-box-portfolio cymolthemes-portfoliobox-styletwo \">\n\t<div class=\"cymolthemes-post-item\">\n\t\t<div class=\"cmt-sboxfeatured-wrapper cmt-sboxcmt_portfolio-featured-wrapper\">\n\t\t\t\n\t\t<span class=\"cymolthemes-item-thumbnail\">\n\t\t\t<span class=\"cymolthemes-item-thumbnail-inner\">\n\t\t\t\t<img loading=\"lazy\" decoding=\"async\" width=\"600\" height=\"679\" src=\"https:\/\/colakoglu-as.com.tr\/wp-content\/uploads\/2026\/05\/karacabey-600x679.jpg\" class=\"attachment-cymolthemes-img-portfolio-style2 size-cymolthemes-img-portfolio-style2 wp-post-image\" alt=\"\" data-id=\"2201\" \/>\n\t\t\t<\/span>\n\t\t<\/span>\t\t<\/div>\n\t\t<div class=\"cymolthemes-box-overlay\">\t\t\t\n\t\t\t\t<div class=\"portfolio-overlay-iconbox\">\t\n\t\t\t\t\t<a href=\"https:\/\/colakoglu-as.com.tr\/?cmt_portfolio=karacabey-kompresor-istasyonu-yapim-isi\"><i class=\"cmt-duplexo-icon-plus-1\"><\/i><\/a>\t\t\n\t\t\t\t<\/div>\t\t\t\n\t\t<\/div>\n\t\t<div class=\"cymolthemes-box-bottom-content\">\n\t\t\t<div class=\"cymolthemes-box-category\">Devam Eden \u0130\u015fler<\/div>\n\t\t\t<div class=\"cymolthemes-box-title\"><h4><a href=\"https:\/\/colakoglu-as.com.tr\/?cmt_portfolio=karacabey-kompresor-istasyonu-yapim-isi\">KARACABEY KOMPRES\u00d6R \u0130STASYONU YAPIM \u0130\u015e\u0130<\/a><\/h4><\/div>\t\t<\/div>\n\t<\/div>\n<\/article><\/div>\n\t\t\t<\/div>\n\t\t<\/div><!-- .cymolthemes-boxes-inner -->   <\/div><!-- .cymolthemes-boxes -->  [\/vc_column][\/vc_row]<\/p>\n","protected":false},"excerpt":{"rendered":"<p>[vc_row cmt_bgimagefixed=&#8221;&#8221; full_width=&#8221;stretch_row&#8221; css=&#8221;.vc_custom_1582021974054{padding-top: 91px !important;padding-bottom: 60px !important;}&#8221; cmt_responsive_css=&#8221;27955549|colbreak_no|||||||||colbreak_no|||||50px||25px||colbreak_no||||||||||colbreak_no|||||||||&#8221;][vc_column][\/vc_column][\/vc_row]<\/p>\n","protected":false},"author":1,"featured_media":0,"parent":0,"menu_order":12,"comment_status":"closed","ping_status":"closed","template":"","meta":{"footnotes":""},"class_list":["post-837","page","type-page","status-publish","hentry"],"_links":{"self":[{"href":"https:\/\/colakoglu-as.com.tr\/index.php?rest_route=\/wp\/v2\/pages\/837","targetHints":{"allow":["GET"]}}],"collection":[{"href":"https:\/\/colakoglu-as.com.tr\/index.php?rest_route=\/wp\/v2\/pages"}],"about":[{"href":"https:\/\/colakoglu-as.com.tr\/index.php?rest_route=\/wp\/v2\/types\/page"}],"author":[{"embeddable":true,"href":"https:\/\/colakoglu-as.com.tr\/index.php?rest_route=\/wp\/v2\/users\/1"}],"replies":[{"embeddable":true,"href":"https:\/\/colakoglu-as.com.tr\/index.php?rest_route=%2Fwp%2Fv2%2Fcomments&post=837"}],"version-history":[{"count":4,"href":"https:\/\/colakoglu-as.com.tr\/index.php?rest_route=\/wp\/v2\/pages\/837\/revisions"}],"predecessor-version":[{"id":2205,"href":"https:\/\/colakoglu-as.com.tr\/index.php?rest_route=\/wp\/v2\/pages\/837\/revisions\/2205"}],"wp:attachment":[{"href":"https:\/\/colakoglu-as.com.tr\/index.php?rest_route=%2Fwp%2Fv2%2Fmedia&parent=837"}],"curies":[{"name":"wp","href":"https:\/\/api.w.org\/{rel}","templated":true}]}}