{"id":832,"date":"2020-01-29T04:39:29","date_gmt":"2020-01-29T04:39:29","guid":{"rendered":"https:\/\/duplexo.cymolthemes.com\/?page_id=832"},"modified":"2024-11-15T09:52:03","modified_gmt":"2024-11-15T06:52:03","slug":"portfolio-style-2","status":"publish","type":"page","link":"https:\/\/colakoglu-as.com.tr\/?page_id=832","title":{"rendered":"Projelerimiz"},"content":{"rendered":"<p>[vc_row cmt_bgimagefixed=&#8221;&#8221; full_width=&#8221;stretch_row&#8221; css=&#8221;.vc_custom_1731653522476{padding-top: 21px !important;padding-bottom: 60px !important;}&#8221; cmt_responsive_css=&#8221;15238070|colbreak_no|||||||||colbreak_no|||||50px||25px||colbreak_no||||||||||colbreak_no|||||||||&#8221;][vc_column]<div class=\"cymolthemes-boxes cymolthemes-boxes-portfolio cymolthemes-boxes-view-default cymolthemes-boxes-col-three cymolthemes-boxes-sortable-yes cymolthemes-boxes-textalign-center\">\n\t\t<div class=\"cymolthemes-boxes-inner cymolthemes-boxes-portfolio-inner \">\n\t\t\t<div class=\"cmt-sboxsortable-wrapper cmt-sboxsortable-wrapper-portfolio\"><nav class=\"cmt-sboxsortable-list\"><ul><li class=\"cmt-sboxsortable-link cmt-sboxsortable-all-link\"><a class=\"selected\" href=\"javascript:void(0);\" data-filter=\"*\"> T\u00dcM\u00dc <\/a><\/li><li class=\"cmt-sboxsortable-link\"><a href=\"javascript:void(0);\" data-filter=\".endustriyel-tesis\">End\u00fcstriyel Tesisler<\/a><\/li><li class=\"cmt-sboxsortable-link\"><a href=\"javascript:void(0);\" data-filter=\".boru-hatti\">Boru Hatt\u0131<\/a><\/li><li class=\"cmt-sboxsortable-link\"><a href=\"javascript:void(0);\" data-filter=\".baraj-golet\">Baraj, G\u00f6let<\/a><\/li><li class=\"cmt-sboxsortable-link\"><a href=\"javascript:void(0);\" data-filter=\".ust-yapi\">\u00dcst Yap\u0131<\/a><\/li><\/ul><\/nav><\/div>\n\t\t\t<div class=\"row multi-columns-row cymolthemes-boxes-row-wrapper\">\n\t\t\t\t<div class=\"cmt-sboxbox-col-wrapper col-lg-4 col-sm-6 col-md-4 col-xs-12 endustriyel-tesis\"><article class=\"cymolthemes-box cymolthemes-box-portfolio cymolthemes-portfoliobox-styletwo \">\n\t<div class=\"cymolthemes-post-item\">\n\t\t<div class=\"cmt-sboxfeatured-wrapper cmt-sboxcmt_portfolio-featured-wrapper\">\n\t\t\t\n\t\t<span class=\"cymolthemes-item-thumbnail\">\n\t\t\t<span class=\"cymolthemes-item-thumbnail-inner\">\n\t\t\t\t<img loading=\"lazy\" decoding=\"async\" width=\"600\" height=\"700\" src=\"https:\/\/colakoglu-as.com.tr\/wp-content\/uploads\/2024\/11\/colakoglu-insaat-foy-2-revize-4-v02_compressed-17-600x700.jpg\" class=\"attachment-cymolthemes-img-portfolio-style2 size-cymolthemes-img-portfolio-style2 wp-post-image\" alt=\"\" data-id=\"2131\" \/>\n\t\t\t<\/span>\n\t\t<\/span>\t\t<\/div>\n\t\t<div class=\"cymolthemes-box-overlay\">\t\t\t\n\t\t\t\t<div class=\"portfolio-overlay-iconbox\">\t\n\t\t\t\t\t<a href=\"https:\/\/colakoglu-as.com.tr\/?cmt_portfolio=akkuyu-npp-insaati-icin-00uej-ve-02uek-binalarinin-tanklarinin-temini\"><i class=\"cmt-duplexo-icon-plus-1\"><\/i><\/a>\t\t\n\t\t\t\t<\/div>\t\t\t\n\t\t<\/div>\n\t\t<div class=\"cymolthemes-box-bottom-content\">\n\t\t\t<div class=\"cymolthemes-box-category\">End\u00fcstriyel Tesisler<\/div>\n\t\t\t<div class=\"cymolthemes-box-title\"><h4><a href=\"https:\/\/colakoglu-as.com.tr\/?cmt_portfolio=akkuyu-npp-insaati-icin-00uej-ve-02uek-binalarinin-tanklarinin-temini\">AKKUYU NPP \u0130n\u015faat\u0131 i\u00e7in 00UEJ ve 02UEK Binalar\u0131n\u0131n Tanklar\u0131n\u0131n Temini<\/a><\/h4><\/div>\t\t<\/div>\n\t<\/div>\n<\/article><\/div><div class=\"cmt-sboxbox-col-wrapper col-lg-4 col-sm-6 col-md-4 col-xs-12 endustriyel-tesis\"><article class=\"cymolthemes-box cymolthemes-box-portfolio cymolthemes-portfoliobox-styletwo \">\n\t<div class=\"cymolthemes-post-item\">\n\t\t<div class=\"cmt-sboxfeatured-wrapper cmt-sboxcmt_portfolio-featured-wrapper\">\n\t\t\t\n\t\t<span class=\"cymolthemes-item-thumbnail\">\n\t\t\t<span class=\"cymolthemes-item-thumbnail-inner\">\n\t\t\t\t<img loading=\"lazy\" decoding=\"async\" width=\"600\" height=\"700\" src=\"https:\/\/colakoglu-as.com.tr\/wp-content\/uploads\/2020\/06\/dOGU-600x700.jpg\" class=\"attachment-cymolthemes-img-portfolio-style2 size-cymolthemes-img-portfolio-style2 wp-post-image\" alt=\"\" data-id=\"2008\" \/>\n\t\t\t<\/span>\n\t\t<\/span>\t\t<\/div>\n\t\t<div class=\"cymolthemes-box-overlay\">\t\t\t\n\t\t\t\t<div class=\"portfolio-overlay-iconbox\">\t\n\t\t\t\t\t<a href=\"https:\/\/colakoglu-as.com.tr\/?cmt_portfolio=dogubayazit-kompresor-istasyonu-ilave-unite-kurulumu-yapim-isi\"><i class=\"cmt-duplexo-icon-plus-1\"><\/i><\/a>\t\t\n\t\t\t\t<\/div>\t\t\t\n\t\t<\/div>\n\t\t<div class=\"cymolthemes-box-bottom-content\">\n\t\t\t<div class=\"cymolthemes-box-category\">End\u00fcstriyel Tesisler<\/div>\n\t\t\t<div class=\"cymolthemes-box-title\"><h4><a href=\"https:\/\/colakoglu-as.com.tr\/?cmt_portfolio=dogubayazit-kompresor-istasyonu-ilave-unite-kurulumu-yapim-isi\">Do\u011fu Bayaz\u0131t Kompres\u00f6r \u0130stasyonu \u0130lave \u00dcnite Kurulumu Yap\u0131m \u0130\u015fi<\/a><\/h4><\/div>\t\t<\/div>\n\t<\/div>\n<\/article><\/div><div class=\"cmt-sboxbox-col-wrapper col-lg-4 col-sm-6 col-md-4 col-xs-12 endustriyel-tesis\"><article class=\"cymolthemes-box cymolthemes-box-portfolio cymolthemes-portfoliobox-styletwo \">\n\t<div class=\"cymolthemes-post-item\">\n\t\t<div class=\"cmt-sboxfeatured-wrapper cmt-sboxcmt_portfolio-featured-wrapper\">\n\t\t\t\n\t\t<span class=\"cymolthemes-item-thumbnail\">\n\t\t\t<span class=\"cymolthemes-item-thumbnail-inner\">\n\t\t\t\t<img loading=\"lazy\" decoding=\"async\" width=\"600\" height=\"700\" src=\"https:\/\/colakoglu-as.com.tr\/wp-content\/uploads\/2020\/06\/biyo-600x700.jpg\" class=\"attachment-cymolthemes-img-portfolio-style2 size-cymolthemes-img-portfolio-style2 wp-post-image\" alt=\"\" data-id=\"2009\" \/>\n\t\t\t<\/span>\n\t\t<\/span>\t\t<\/div>\n\t\t<div class=\"cymolthemes-box-overlay\">\t\t\t\n\t\t\t\t<div class=\"portfolio-overlay-iconbox\">\t\n\t\t\t\t\t<a href=\"https:\/\/colakoglu-as.com.tr\/?cmt_portfolio=istanbul-biyometanizasyon-tesisi-yapim-isi\"><i class=\"cmt-duplexo-icon-plus-1\"><\/i><\/a>\t\t\n\t\t\t\t<\/div>\t\t\t\n\t\t<\/div>\n\t\t<div class=\"cymolthemes-box-bottom-content\">\n\t\t\t<div class=\"cymolthemes-box-category\">End\u00fcstriyel Tesisler<\/div>\n\t\t\t<div class=\"cymolthemes-box-title\"><h4><a href=\"https:\/\/colakoglu-as.com.tr\/?cmt_portfolio=istanbul-biyometanizasyon-tesisi-yapim-isi\">\u0130stanbul Biyometanizasyon Tesisi Yap\u0131m \u0130\u015fi<\/a><\/h4><\/div>\t\t<\/div>\n\t<\/div>\n<\/article><\/div><div class=\"cmt-sboxbox-col-wrapper col-lg-4 col-sm-6 col-md-4 col-xs-12 boru-hatti\"><article class=\"cymolthemes-box cymolthemes-box-portfolio cymolthemes-portfoliobox-styletwo \">\n\t<div class=\"cymolthemes-post-item\">\n\t\t<div class=\"cmt-sboxfeatured-wrapper cmt-sboxcmt_portfolio-featured-wrapper\">\n\t\t\t\n\t\t<span class=\"cymolthemes-item-thumbnail\">\n\t\t\t<span class=\"cymolthemes-item-thumbnail-inner\">\n\t\t\t\t<img loading=\"lazy\" decoding=\"async\" width=\"600\" height=\"700\" src=\"https:\/\/colakoglu-as.com.tr\/wp-content\/uploads\/2021\/10\/HAKKARi-600x700.jpg\" class=\"attachment-cymolthemes-img-portfolio-style2 size-cymolthemes-img-portfolio-style2 wp-post-image\" alt=\"\" data-id=\"1977\" \/>\n\t\t\t<\/span>\n\t\t<\/span>\t\t<\/div>\n\t\t<div class=\"cymolthemes-box-overlay\">\t\t\t\n\t\t\t\t<div class=\"portfolio-overlay-iconbox\">\t\n\t\t\t\t\t<a href=\"https:\/\/colakoglu-as.com.tr\/?cmt_portfolio=hakkari-merkez-kanalizasyon-ve-yagmursuyu-insaati\"><i class=\"cmt-duplexo-icon-plus-1\"><\/i><\/a>\t\t\n\t\t\t\t<\/div>\t\t\t\n\t\t<\/div>\n\t\t<div class=\"cymolthemes-box-bottom-content\">\n\t\t\t<div class=\"cymolthemes-box-category\">Boru Hatt\u0131<\/div>\n\t\t\t<div class=\"cymolthemes-box-title\"><h4><a href=\"https:\/\/colakoglu-as.com.tr\/?cmt_portfolio=hakkari-merkez-kanalizasyon-ve-yagmursuyu-insaati\">HAKKARI (MERKEZ) KANALIZASYON VE YA\u011eMURSUYU IN\u015eAATI<\/a><\/h4><\/div>\t\t<\/div>\n\t<\/div>\n<\/article><\/div><div class=\"cmt-sboxbox-col-wrapper col-lg-4 col-sm-6 col-md-4 col-xs-12 endustriyel-tesis\"><article class=\"cymolthemes-box cymolthemes-box-portfolio cymolthemes-portfoliobox-styletwo \">\n\t<div class=\"cymolthemes-post-item\">\n\t\t<div class=\"cmt-sboxfeatured-wrapper cmt-sboxcmt_portfolio-featured-wrapper\">\n\t\t\t\n\t\t<span class=\"cymolthemes-item-thumbnail\">\n\t\t\t<span class=\"cymolthemes-item-thumbnail-inner\">\n\t\t\t\t<img loading=\"lazy\" decoding=\"async\" width=\"600\" height=\"700\" src=\"https:\/\/colakoglu-as.com.tr\/wp-content\/uploads\/2022\/10\/1-600x700.jpg\" class=\"attachment-cymolthemes-img-portfolio-style2 size-cymolthemes-img-portfolio-style2 wp-post-image\" alt=\"\" data-id=\"2013\" \/>\n\t\t\t<\/span>\n\t\t<\/span>\t\t<\/div>\n\t\t<div class=\"cymolthemes-box-overlay\">\t\t\t\n\t\t\t\t<div class=\"portfolio-overlay-iconbox\">\t\n\t\t\t\t\t<a href=\"https:\/\/colakoglu-as.com.tr\/?cmt_portfolio=malatya-sigara-fabrikasi-klima-tesisati-yenilemesi\"><i class=\"cmt-duplexo-icon-plus-1\"><\/i><\/a>\t\t\n\t\t\t\t<\/div>\t\t\t\n\t\t<\/div>\n\t\t<div class=\"cymolthemes-box-bottom-content\">\n\t\t\t<div class=\"cymolthemes-box-category\">End\u00fcstriyel Tesisler<\/div>\n\t\t\t<div class=\"cymolthemes-box-title\"><h4><a href=\"https:\/\/colakoglu-as.com.tr\/?cmt_portfolio=malatya-sigara-fabrikasi-klima-tesisati-yenilemesi\">Malatya Sigara Fabrikas\u0131 Klima Tesisat\u0131 Yenilemesi<\/a><\/h4><\/div>\t\t<\/div>\n\t<\/div>\n<\/article><\/div><div class=\"cmt-sboxbox-col-wrapper col-lg-4 col-sm-6 col-md-4 col-xs-12 endustriyel-tesis\"><article class=\"cymolthemes-box cymolthemes-box-portfolio cymolthemes-portfoliobox-styletwo \">\n\t<div class=\"cymolthemes-post-item\">\n\t\t<div class=\"cmt-sboxfeatured-wrapper cmt-sboxcmt_portfolio-featured-wrapper\">\n\t\t\t\n\t\t<span class=\"cymolthemes-item-thumbnail\">\n\t\t\t<span class=\"cymolthemes-item-thumbnail-inner\">\n\t\t\t\t<img loading=\"lazy\" decoding=\"async\" width=\"600\" height=\"700\" src=\"https:\/\/colakoglu-as.com.tr\/wp-content\/uploads\/2020\/06\/c\u0327olakog\u0306lu-ins\u0327aat-fo\u0308y-v10-yu\u0308ksek-27-600x700.jpg\" class=\"attachment-cymolthemes-img-portfolio-style2 size-cymolthemes-img-portfolio-style2 wp-post-image\" alt=\"\" data-id=\"1745\" \/>\n\t\t\t<\/span>\n\t\t<\/span>\t\t<\/div>\n\t\t<div class=\"cymolthemes-box-overlay\">\t\t\t\n\t\t\t\t<div class=\"portfolio-overlay-iconbox\">\t\n\t\t\t\t\t<a href=\"https:\/\/colakoglu-as.com.tr\/?cmt_portfolio=elazig-sarap-fabrikasi-modernizasyonu-ve-tevsii-isi\"><i class=\"cmt-duplexo-icon-plus-1\"><\/i><\/a>\t\t\n\t\t\t\t<\/div>\t\t\t\n\t\t<\/div>\n\t\t<div class=\"cymolthemes-box-bottom-content\">\n\t\t\t<div class=\"cymolthemes-box-category\">End\u00fcstriyel Tesisler<\/div>\n\t\t\t<div class=\"cymolthemes-box-title\"><h4><a href=\"https:\/\/colakoglu-as.com.tr\/?cmt_portfolio=elazig-sarap-fabrikasi-modernizasyonu-ve-tevsii-isi\">Elaz\u0131\u011f \u015earap Fabrikas\u0131 Modernizasyonu ve Tevsii \u0130\u015fi<\/a><\/h4><\/div>\t\t<\/div>\n\t<\/div>\n<\/article><\/div><div class=\"cmt-sboxbox-col-wrapper col-lg-4 col-sm-6 col-md-4 col-xs-12 endustriyel-tesis\"><article class=\"cymolthemes-box cymolthemes-box-portfolio cymolthemes-portfoliobox-styletwo \">\n\t<div class=\"cymolthemes-post-item\">\n\t\t<div class=\"cmt-sboxfeatured-wrapper cmt-sboxcmt_portfolio-featured-wrapper\">\n\t\t\t\n\t\t<span class=\"cymolthemes-item-thumbnail\">\n\t\t\t<span class=\"cymolthemes-item-thumbnail-inner\">\n\t\t\t\t<img loading=\"lazy\" decoding=\"async\" width=\"600\" height=\"700\" src=\"https:\/\/colakoglu-as.com.tr\/wp-content\/uploads\/2020\/06\/c\u0327olakog\u0306lu-ins\u0327aat-fo\u0308y-v10-yu\u0308ksek-29-600x700.jpg\" class=\"attachment-cymolthemes-img-portfolio-style2 size-cymolthemes-img-portfolio-style2 wp-post-image\" alt=\"\" data-id=\"1749\" \/>\n\t\t\t<\/span>\n\t\t<\/span>\t\t<\/div>\n\t\t<div class=\"cymolthemes-box-overlay\">\t\t\t\n\t\t\t\t<div class=\"portfolio-overlay-iconbox\">\t\n\t\t\t\t\t<a href=\"https:\/\/colakoglu-as.com.tr\/?cmt_portfolio=samsun-ballica-sigara-fabrikasi-insaati-isi\"><i class=\"cmt-duplexo-icon-plus-1\"><\/i><\/a>\t\t\n\t\t\t\t<\/div>\t\t\t\n\t\t<\/div>\n\t\t<div class=\"cymolthemes-box-bottom-content\">\n\t\t\t<div class=\"cymolthemes-box-category\">End\u00fcstriyel Tesisler<\/div>\n\t\t\t<div class=\"cymolthemes-box-title\"><h4><a href=\"https:\/\/colakoglu-as.com.tr\/?cmt_portfolio=samsun-ballica-sigara-fabrikasi-insaati-isi\">Samsun &#8211; Ball\u0131ca Sigara Fabrikas\u0131 \u0130n\u015faat\u0131 \u0130\u015fi<\/a><\/h4><\/div>\t\t<\/div>\n\t<\/div>\n<\/article><\/div><div class=\"cmt-sboxbox-col-wrapper col-lg-4 col-sm-6 col-md-4 col-xs-12 endustriyel-tesis\"><article class=\"cymolthemes-box cymolthemes-box-portfolio cymolthemes-portfoliobox-styletwo \">\n\t<div class=\"cymolthemes-post-item\">\n\t\t<div class=\"cmt-sboxfeatured-wrapper cmt-sboxcmt_portfolio-featured-wrapper\">\n\t\t\t\n\t\t<span class=\"cymolthemes-item-thumbnail\">\n\t\t\t<span class=\"cymolthemes-item-thumbnail-inner\">\n\t\t\t\t<img loading=\"lazy\" decoding=\"async\" width=\"600\" height=\"700\" src=\"https:\/\/colakoglu-as.com.tr\/wp-content\/uploads\/2020\/01\/c\u0327olakog\u0306lu-ins\u0327aat-fo\u0308y-v10-yu\u0308ksek-23-600x700.jpg\" class=\"attachment-cymolthemes-img-portfolio-style2 size-cymolthemes-img-portfolio-style2 wp-post-image\" alt=\"\" data-id=\"1741\" \/>\n\t\t\t<\/span>\n\t\t<\/span>\t\t<\/div>\n\t\t<div class=\"cymolthemes-box-overlay\">\t\t\t\n\t\t\t\t<div class=\"portfolio-overlay-iconbox\">\t\n\t\t\t\t\t<a href=\"https:\/\/colakoglu-as.com.tr\/?cmt_portfolio=yypefabrikasi\"><i class=\"cmt-duplexo-icon-plus-1\"><\/i><\/a>\t\t\n\t\t\t\t<\/div>\t\t\t\n\t\t<\/div>\n\t\t<div class=\"cymolthemes-box-bottom-content\">\n\t\t\t<div class=\"cymolthemes-box-category\">End\u00fcstriyel Tesisler<\/div>\n\t\t\t<div class=\"cymolthemes-box-title\"><h4><a href=\"https:\/\/colakoglu-as.com.tr\/?cmt_portfolio=yypefabrikasi\">YYPE Fabrikas\u0131 II. Tevsii \u0130n\u015faat\u0131 &#8211; Montaj\u0131<\/a><\/h4><\/div>\t\t<\/div>\n\t<\/div>\n<\/article><\/div><div class=\"cmt-sboxbox-col-wrapper col-lg-4 col-sm-6 col-md-4 col-xs-12 endustriyel-tesis\"><article class=\"cymolthemes-box cymolthemes-box-portfolio cymolthemes-portfoliobox-styletwo \">\n\t<div class=\"cymolthemes-post-item\">\n\t\t<div class=\"cmt-sboxfeatured-wrapper cmt-sboxcmt_portfolio-featured-wrapper\">\n\t\t\t\n\t\t<span class=\"cymolthemes-item-thumbnail\">\n\t\t\t<span class=\"cymolthemes-item-thumbnail-inner\">\n\t\t\t\t<img loading=\"lazy\" decoding=\"async\" width=\"600\" height=\"700\" src=\"https:\/\/colakoglu-as.com.tr\/wp-content\/uploads\/2020\/01\/c\u0327olakog\u0306lu-ins\u0327aat-fo\u0308y-v10-yu\u0308ksek-25-600x700.jpg\" class=\"attachment-cymolthemes-img-portfolio-style2 size-cymolthemes-img-portfolio-style2 wp-post-image\" alt=\"\" data-id=\"1742\" \/>\n\t\t\t<\/span>\n\t\t<\/span>\t\t<\/div>\n\t\t<div class=\"cymolthemes-box-overlay\">\t\t\t\n\t\t\t\t<div class=\"portfolio-overlay-iconbox\">\t\n\t\t\t\t\t<a href=\"https:\/\/colakoglu-as.com.tr\/?cmt_portfolio=install-insulation\"><i class=\"cmt-duplexo-icon-plus-1\"><\/i><\/a>\t\t\n\t\t\t\t<\/div>\t\t\t\n\t\t<\/div>\n\t\t<div class=\"cymolthemes-box-bottom-content\">\n\t\t\t<div class=\"cymolthemes-box-category\">End\u00fcstriyel Tesisler<\/div>\n\t\t\t<div class=\"cymolthemes-box-title\"><h4><a href=\"https:\/\/colakoglu-as.com.tr\/?cmt_portfolio=install-insulation\">10E-103 A\/B\/C VE 17E-201 A\/B So\u011futma kuleleri \u0130n\u015faat\u0131 ve Montaj\u0131<\/a><\/h4><\/div>\t\t<\/div>\n\t<\/div>\n<\/article><\/div><div class=\"cmt-sboxbox-col-wrapper col-lg-4 col-sm-6 col-md-4 col-xs-12 boru-hatti\"><article class=\"cymolthemes-box cymolthemes-box-portfolio cymolthemes-portfoliobox-styletwo \">\n\t<div class=\"cymolthemes-post-item\">\n\t\t<div class=\"cmt-sboxfeatured-wrapper cmt-sboxcmt_portfolio-featured-wrapper\">\n\t\t\t\n\t\t<span class=\"cymolthemes-item-thumbnail\">\n\t\t\t<span class=\"cymolthemes-item-thumbnail-inner\">\n\t\t\t\t<img loading=\"lazy\" decoding=\"async\" width=\"600\" height=\"700\" src=\"https:\/\/colakoglu-as.com.tr\/wp-content\/uploads\/2020\/01\/c\u0327olakog\u0306lu-ins\u0327aat-fo\u0308y-v10-yu\u0308ksek-13-600x700.jpg\" class=\"attachment-cymolthemes-img-portfolio-style2 size-cymolthemes-img-portfolio-style2 wp-post-image\" alt=\"\" data-id=\"1734\" \/>\n\t\t\t<\/span>\n\t\t<\/span>\t\t<\/div>\n\t\t<div class=\"cymolthemes-box-overlay\">\t\t\t\n\t\t\t\t<div class=\"portfolio-overlay-iconbox\">\t\n\t\t\t\t\t<a href=\"https:\/\/colakoglu-as.com.tr\/?cmt_portfolio=landscaping\"><i class=\"cmt-duplexo-icon-plus-1\"><\/i><\/a>\t\t\n\t\t\t\t<\/div>\t\t\t\n\t\t<\/div>\n\t\t<div class=\"cymolthemes-box-bottom-content\">\n\t\t\t<div class=\"cymolthemes-box-category\">Boru Hatt\u0131<\/div>\n\t\t\t<div class=\"cymolthemes-box-title\"><h4><a href=\"https:\/\/colakoglu-as.com.tr\/?cmt_portfolio=landscaping\">Konya-Isparta Do\u011falgaz \u0130letim Hatt\u0131 Projesi<\/a><\/h4><\/div>\t\t<\/div>\n\t<\/div>\n<\/article><\/div><div class=\"cmt-sboxbox-col-wrapper col-lg-4 col-sm-6 col-md-4 col-xs-12 boru-hatti\"><article class=\"cymolthemes-box cymolthemes-box-portfolio cymolthemes-portfoliobox-styletwo \">\n\t<div class=\"cymolthemes-post-item\">\n\t\t<div class=\"cmt-sboxfeatured-wrapper cmt-sboxcmt_portfolio-featured-wrapper\">\n\t\t\t\n\t\t<span class=\"cymolthemes-item-thumbnail\">\n\t\t\t<span class=\"cymolthemes-item-thumbnail-inner\">\n\t\t\t\t<img loading=\"lazy\" decoding=\"async\" width=\"600\" height=\"700\" src=\"https:\/\/colakoglu-as.com.tr\/wp-content\/uploads\/2020\/01\/c\u0327olakog\u0306lu-ins\u0327aat-fo\u0308y-v10-yu\u0308ksek-11-600x700.jpg\" class=\"attachment-cymolthemes-img-portfolio-style2 size-cymolthemes-img-portfolio-style2 wp-post-image\" alt=\"\" data-id=\"1731\" \/>\n\t\t\t<\/span>\n\t\t<\/span>\t\t<\/div>\n\t\t<div class=\"cymolthemes-box-overlay\">\t\t\t\n\t\t\t\t<div class=\"portfolio-overlay-iconbox\">\t\n\t\t\t\t\t<a href=\"https:\/\/colakoglu-as.com.tr\/?cmt_portfolio=pour-foundation\"><i class=\"cmt-duplexo-icon-plus-1\"><\/i><\/a>\t\t\n\t\t\t\t<\/div>\t\t\t\n\t\t<\/div>\n\t\t<div class=\"cymolthemes-box-bottom-content\">\n\t\t\t<div class=\"cymolthemes-box-category\">Boru Hatt\u0131<\/div>\n\t\t\t<div class=\"cymolthemes-box-title\"><h4><a href=\"https:\/\/colakoglu-as.com.tr\/?cmt_portfolio=pour-foundation\">Kayseri-Konya-Seydi\u015fehir Do\u011fal gaz Boru Hatt\u0131 Projesi<\/a><\/h4><\/div>\t\t<\/div>\n\t<\/div>\n<\/article><\/div><div class=\"cmt-sboxbox-col-wrapper col-lg-4 col-sm-6 col-md-4 col-xs-12 boru-hatti\"><article class=\"cymolthemes-box cymolthemes-box-portfolio cymolthemes-portfoliobox-styletwo \">\n\t<div class=\"cymolthemes-post-item\">\n\t\t<div class=\"cmt-sboxfeatured-wrapper cmt-sboxcmt_portfolio-featured-wrapper\">\n\t\t\t\n\t\t<span class=\"cymolthemes-item-thumbnail\">\n\t\t\t<span class=\"cymolthemes-item-thumbnail-inner\">\n\t\t\t\t<img loading=\"lazy\" decoding=\"async\" width=\"600\" height=\"700\" src=\"https:\/\/colakoglu-as.com.tr\/wp-content\/uploads\/2020\/01\/c\u0327olakog\u0306lu-ins\u0327aat-fo\u0308y-v10-yu\u0308ksek-15-600x700.jpg\" class=\"attachment-cymolthemes-img-portfolio-style2 size-cymolthemes-img-portfolio-style2 wp-post-image\" alt=\"\" data-id=\"1737\" \/>\n\t\t\t<\/span>\n\t\t<\/span>\t\t<\/div>\n\t\t<div class=\"cymolthemes-box-overlay\">\t\t\t\n\t\t\t\t<div class=\"portfolio-overlay-iconbox\">\t\n\t\t\t\t\t<a href=\"https:\/\/colakoglu-as.com.tr\/?cmt_portfolio=mechanical-trim\"><i class=\"cmt-duplexo-icon-plus-1\"><\/i><\/a>\t\t\n\t\t\t\t<\/div>\t\t\t\n\t\t<\/div>\n\t\t<div class=\"cymolthemes-box-bottom-content\">\n\t\t\t<div class=\"cymolthemes-box-category\">Boru Hatt\u0131<\/div>\n\t\t\t<div class=\"cymolthemes-box-title\"><h4><a href=\"https:\/\/colakoglu-as.com.tr\/?cmt_portfolio=mechanical-trim\">Konya OSB 2 ve 3 Karaman Do\u011fal Gaz Da\u011f\u0131t\u0131m Hatt\u0131 Projesi<\/a><\/h4><\/div>\t\t<\/div>\n\t<\/div>\n<\/article><\/div><div class=\"cmt-sboxbox-col-wrapper col-lg-4 col-sm-6 col-md-4 col-xs-12 baraj-golet\"><article class=\"cymolthemes-box cymolthemes-box-portfolio cymolthemes-portfoliobox-styletwo \">\n\t<div class=\"cymolthemes-post-item\">\n\t\t<div class=\"cmt-sboxfeatured-wrapper cmt-sboxcmt_portfolio-featured-wrapper\">\n\t\t\t\n\t\t<span class=\"cymolthemes-item-thumbnail\">\n\t\t\t<span class=\"cymolthemes-item-thumbnail-inner\">\n\t\t\t\t<img loading=\"lazy\" decoding=\"async\" width=\"600\" height=\"700\" src=\"https:\/\/colakoglu-as.com.tr\/wp-content\/uploads\/2020\/01\/c\u0327olakog\u0306lu-ins\u0327aat-fo\u0308y-v10-yu\u0308ksek-19-600x700.jpg\" class=\"attachment-cymolthemes-img-portfolio-style2 size-cymolthemes-img-portfolio-style2 wp-post-image\" alt=\"\" data-id=\"1739\" \/>\n\t\t\t<\/span>\n\t\t<\/span>\t\t<\/div>\n\t\t<div class=\"cymolthemes-box-overlay\">\t\t\t\n\t\t\t\t<div class=\"portfolio-overlay-iconbox\">\t\n\t\t\t\t\t<a href=\"https:\/\/colakoglu-as.com.tr\/?cmt_portfolio=dodurgabaraji\"><i class=\"cmt-duplexo-icon-plus-1\"><\/i><\/a>\t\t\n\t\t\t\t<\/div>\t\t\t\n\t\t<\/div>\n\t\t<div class=\"cymolthemes-box-bottom-content\">\n\t\t\t<div class=\"cymolthemes-box-category\">Baraj, G\u00f6let<\/div>\n\t\t\t<div class=\"cymolthemes-box-title\"><h4><a href=\"https:\/\/colakoglu-as.com.tr\/?cmt_portfolio=dodurgabaraji\">Dodurga Barak\u0131 \u0130n\u015faat\u0131<\/a><\/h4><\/div>\t\t<\/div>\n\t<\/div>\n<\/article><\/div><div class=\"cmt-sboxbox-col-wrapper col-lg-4 col-sm-6 col-md-4 col-xs-12 ust-yapi\"><article class=\"cymolthemes-box cymolthemes-box-portfolio cymolthemes-portfoliobox-styletwo \">\n\t<div class=\"cymolthemes-post-item\">\n\t\t<div class=\"cmt-sboxfeatured-wrapper cmt-sboxcmt_portfolio-featured-wrapper\">\n\t\t\t\n\t\t<span class=\"cymolthemes-item-thumbnail\">\n\t\t\t<span class=\"cymolthemes-item-thumbnail-inner\">\n\t\t\t\t<img loading=\"lazy\" decoding=\"async\" width=\"600\" height=\"700\" src=\"https:\/\/colakoglu-as.com.tr\/wp-content\/uploads\/2021\/10\/YALOVA-600x700.jpg\" class=\"attachment-cymolthemes-img-portfolio-style2 size-cymolthemes-img-portfolio-style2 wp-post-image\" alt=\"\" data-id=\"2001\" \/>\n\t\t\t<\/span>\n\t\t<\/span>\t\t<\/div>\n\t\t<div class=\"cymolthemes-box-overlay\">\t\t\t\n\t\t\t\t<div class=\"portfolio-overlay-iconbox\">\t\n\t\t\t\t\t<a href=\"https:\/\/colakoglu-as.com.tr\/?cmt_portfolio=yalova-subasi-1-bolge-mevkii-522-adet-kalici-konut-insaati\"><i class=\"cmt-duplexo-icon-plus-1\"><\/i><\/a>\t\t\n\t\t\t\t<\/div>\t\t\t\n\t\t<\/div>\n\t\t<div class=\"cymolthemes-box-bottom-content\">\n\t\t\t<div class=\"cymolthemes-box-category\">\u00dcst Yap\u0131<\/div>\n\t\t\t<div class=\"cymolthemes-box-title\"><h4><a href=\"https:\/\/colakoglu-as.com.tr\/?cmt_portfolio=yalova-subasi-1-bolge-mevkii-522-adet-kalici-konut-insaati\">YALOVA \u2013 SUBA\u015eI 1. B\u00d6LGE MEVK\u0130\u0130 522 ADET KALICI KONUT \u0130N\u015eAATI<\/a><\/h4><\/div>\t\t<\/div>\n\t<\/div>\n<\/article><\/div><div class=\"cmt-sboxbox-col-wrapper col-lg-4 col-sm-6 col-md-4 col-xs-12 ust-yapi\"><article class=\"cymolthemes-box cymolthemes-box-portfolio cymolthemes-portfoliobox-styletwo \">\n\t<div class=\"cymolthemes-post-item\">\n\t\t<div class=\"cmt-sboxfeatured-wrapper cmt-sboxcmt_portfolio-featured-wrapper\">\n\t\t\t\n\t\t<span class=\"cymolthemes-item-thumbnail\">\n\t\t\t<span class=\"cymolthemes-item-thumbnail-inner\">\n\t\t\t\t<img loading=\"lazy\" decoding=\"async\" width=\"600\" height=\"700\" src=\"https:\/\/colakoglu-as.com.tr\/wp-content\/uploads\/2021\/10\/GATA-600x700.jpg\" class=\"attachment-cymolthemes-img-portfolio-style2 size-cymolthemes-img-portfolio-style2 wp-post-image\" alt=\"\" data-id=\"1986\" \/>\n\t\t\t<\/span>\n\t\t<\/span>\t\t<\/div>\n\t\t<div class=\"cymolthemes-box-overlay\">\t\t\t\n\t\t\t\t<div class=\"portfolio-overlay-iconbox\">\t\n\t\t\t\t\t<a href=\"https:\/\/colakoglu-as.com.tr\/?cmt_portfolio=gata-haydarpasa-egitim-hastanesi-poliklinik-binasi-insaati\"><i class=\"cmt-duplexo-icon-plus-1\"><\/i><\/a>\t\t\n\t\t\t\t<\/div>\t\t\t\n\t\t<\/div>\n\t\t<div class=\"cymolthemes-box-bottom-content\">\n\t\t\t<div class=\"cymolthemes-box-category\">\u00dcst Yap\u0131<\/div>\n\t\t\t<div class=\"cymolthemes-box-title\"><h4><a href=\"https:\/\/colakoglu-as.com.tr\/?cmt_portfolio=gata-haydarpasa-egitim-hastanesi-poliklinik-binasi-insaati\">GATA HAYDARPA\u015eA E\u011e\u0130T\u0130M HASTANES\u0130 POL\u0130KL\u0130N\u0130K B\u0130NASI \u0130N\u015eAATI<\/a><\/h4><\/div>\t\t<\/div>\n\t<\/div>\n<\/article><\/div>\n\t\t\t<\/div>\n\t\t<\/div><!-- .cymolthemes-boxes-inner -->   <\/div><!-- .cymolthemes-boxes -->  [\/vc_column][\/vc_row]<\/p>\n","protected":false},"excerpt":{"rendered":"<p>[vc_row cmt_bgimagefixed=&#8221;&#8221; full_width=&#8221;stretch_row&#8221; css=&#8221;.vc_custom_1731653522476{padding-top: 21px !important;padding-bottom: 60px !important;}&#8221; cmt_responsive_css=&#8221;15238070|colbreak_no|||||||||colbreak_no|||||50px||25px||colbreak_no||||||||||colbreak_no|||||||||&#8221;][vc_column][\/vc_column][\/vc_row]<\/p>\n","protected":false},"author":1,"featured_media":0,"parent":0,"menu_order":13,"comment_status":"closed","ping_status":"closed","template":"","meta":{"footnotes":""},"class_list":["post-832","page","type-page","status-publish","hentry"],"_links":{"self":[{"href":"https:\/\/colakoglu-as.com.tr\/index.php?rest_route=\/wp\/v2\/pages\/832","targetHints":{"allow":["GET"]}}],"collection":[{"href":"https:\/\/colakoglu-as.com.tr\/index.php?rest_route=\/wp\/v2\/pages"}],"about":[{"href":"https:\/\/colakoglu-as.com.tr\/index.php?rest_route=\/wp\/v2\/types\/page"}],"author":[{"embeddable":true,"href":"https:\/\/colakoglu-as.com.tr\/index.php?rest_route=\/wp\/v2\/users\/1"}],"replies":[{"embeddable":true,"href":"https:\/\/colakoglu-as.com.tr\/index.php?rest_route=%2Fwp%2Fv2%2Fcomments&post=832"}],"version-history":[{"count":10,"href":"https:\/\/colakoglu-as.com.tr\/index.php?rest_route=\/wp\/v2\/pages\/832\/revisions"}],"predecessor-version":[{"id":1820,"href":"https:\/\/colakoglu-as.com.tr\/index.php?rest_route=\/wp\/v2\/pages\/832\/revisions\/1820"}],"wp:attachment":[{"href":"https:\/\/colakoglu-as.com.tr\/index.php?rest_route=%2Fwp%2Fv2%2Fmedia&parent=832"}],"curies":[{"name":"wp","href":"https:\/\/api.w.org\/{rel}","templated":true}]}}