{"id":583,"date":"2020-01-27T06:33:07","date_gmt":"2020-01-27T06:33:07","guid":{"rendered":"https:\/\/duplexo.cymolthemes.com\/?page_id=583"},"modified":"2024-11-13T16:47:16","modified_gmt":"2024-11-13T13:47:16","slug":"about-us-2","status":"publish","type":"page","link":"https:\/\/colakoglu-as.com.tr\/?page_id=583","title":{"rendered":"Hakk\u0131m\u0131zda"},"content":{"rendered":"<p>[vc_row cmt_bgimagefixed=&#8221;&#8221; break_in_responsive=&#8221;991&#8243; full_width=&#8221;stretch_row&#8221; tm_bgimagefixed=&#8221;&#8221; css=&#8221;.vc_custom_1582784739532{padding-top: 66px !important;padding-bottom: 90px !important;background-image: url(https:\/\/colakoglu-as.com.tr\/wp-content\/uploads\/2020\/01\/cmt-rowbg-06.jpg?id=666) !important;background-position: center !important;background-repeat: no-repeat !important;background-size: cover !important;}&#8221; cmt_responsive_css=&#8221;97291357|colbreak_no|||||||||colbreak_no|||||30px||30px||colbreak_no||||||||||colbreak_no|||||||||&#8221;][vc_column width=&#8221;1\/2&#8243; css=&#8221;.vc_custom_1580382465538{background-position: center !important;background-repeat: no-repeat !important;background-size: cover !important;}&#8221;][vc_single_image image=&#8221;1705&#8243; img_size=&#8221;full&#8221; css=&#8221;.vc_custom_1592768190504{margin-bottom: 0px !important;}&#8221;][\/vc_column][vc_column width=&#8221;1\/2&#8243; css=&#8221;.vc_custom_1584943871012{padding-top: 118px !important;}&#8221; cmt_responsive_css=&#8221;41004784|colbreak_no|||||||||colbreak_no|||||40px||||colbreak_no||||||||||colbreak_no|||||||||&#8221;]<div class=\"cmt-element-heading-wrapper cmt-sboxheading-inner cmt-sboxelement-align-left cmt-seperator-none cmt-sboxheading-style-vertical  vc_custom_1731505626054\"><section class=\"cmt-sboxvc_cta3-container\"><div class=\"cmt-vc_general cmt-sboxvc_cta3 cmt-sboxcta3-only cmt-sboxvc_cta3-style-classic cmt-sboxvc_cta3-shape-rounded cmt-sboxvc_cta3-align-left cmt-sboxvc_cta3-color-transparent cmt-sboxvc_cta3-icon-size-md cmt-sboxvc_cta3-actions-no cmt-sboxcta3-with-desc\"><div class=\"cmt-vc_cta3_content-container\"><div class=\"cmt-vc_cta3-content\"><header class=\"cmt-vc_cta3-content-header cmt-section-wrapper\"><div class=\"cmt-sboxvc_cta3-headers cmt-section-wrapper-cell\"><h4 class=\"cmt-custom-heading \" >HAKKIMIZDA<\/h4>\n<h2 class=\"cmt-custom-heading \" >\u00c7OLAKO\u011eLU \u0130N\u015eAAT<\/h2>\n<\/div><div class=\"heading-seperator\"><span><\/span><\/div><\/header><div class=\"cmt-sboxcta3-content-wrapper\"><p>1990 y\u0131l\u0131nda kurulan \u00c7olako\u011flu \u0130n\u015faat Turizm Enerji \u00dcretimi Sanayi ve Ticaret A.\u015e., hissedar ve profesyonel ekibinin \u00f6nceki deneyimleri ile birlikte 50 y\u0131l\u0131 a\u015fk\u0131n bir s\u00fcreye yay\u0131lan sayg\u0131n bir tasar\u0131m, m\u00fchendislik ve in\u015faat ge\u00e7mi\u015fine sahiptir.<\/p>\n<p>\u00c7olako\u011flu Firmas\u0131, y\u00fcksek ve al\u00e7ak bas\u0131n\u00e7l\u0131 karbon \u00e7elik do\u011fal gaz boru hatt\u0131 sistemleri in\u015fas\u0131; Alman, Frans\u0131z ve \u0130talyan know-how teknolojilerinin kullan\u0131ld\u0131\u011f\u0131 \u00fcretim s\u00fcreci i\u00e7eren anahtar teslim s\u0131nai tesis kurulumu; Polietilen \u00fcretimi,so\u011futma kuleleri, ham petrol ve \u00fcr\u00fcn tanklar\u0131 borulama i\u015fleri gibi petrokimya tesisleri yap\u0131m\u0131; Baraj, kanal sulamas\u0131, pompal\u0131 sulama, kanalizasyon ve ya\u011fmursuyu \u015febekeleri, i\u00e7me suyu ve at\u0131k su ar\u0131tma gibi su yap\u0131lar\u0131 ger\u00e7ekle\u015ftirilmesi;Hastane, poliklinik, yat\u0131l\u0131-yat\u0131s\u0131z okul, kampus binalar\u0131, y\u00fcksek lisans \u00f6\u011frenci yurdu kompleksi, konut, lojman, idare binas\u0131, i\u015fyeri binalar\u0131, sosyal tesis, prefabrik depolama yap\u0131lar\u0131 gibi \u00fcstyap\u0131 binalar\u0131n\u0131n in\u015fa edilmesi alanlar\u0131nda dikkate de\u011fer nitelik ve nicelikte \u00f6nemli projeleri tamamlam\u0131\u015ft\u0131r. \u00c7olako\u011flu Firmas\u0131n\u0131n tamamlanan i\u015flerinde, temel ve detay tasar\u0131m, tedarik ve sat\u0131n alma, elektrik ve mekanik i\u015fler, enstr\u00fcmantasyon, otomasyon ve iklimlendirme sistemleri, enerji ve \u0131s\u0131 \u00fcretimi, su ve at\u0131k su ar\u0131tma sistemlerinin ger\u00e7ekle\u015ftirilmesi, gerektikleri her a\u015famada projelerin tamamlay\u0131c\u0131 unsurlar\u0131 olmu\u015ftur. Bu deneyimlere ilave yap\u0131m\u0131 devam etmekte olan, 2022\u2019de s\u00f6zle\u015fmeye ba\u011flanm\u0131\u015f 4.394.610,33 $ s\u00f6zle\u015fme bedelli T\u0130TAN2 IC \u0130\u00c7TA\u015e A.\u015e\u2019nin Akkuyu NGS 00EUJ ve 02UEK Bina tanklar\u0131n\u0131n temini yap\u0131m i\u015fi ve \u00c7olako\u011flu Firmas\u0131n\u0131n %51 i\u015f ortakl\u0131\u011f\u0131 pay sahibi oldu\u011fu Eyl\u00fcl 2024\u2019de s\u00f6zle\u015fmeye ba\u011f-lanm\u0131\u015f 284.443.023,29 TL s\u00f6zle\u015fme bedelli \u0130ller Bankas\u0131n\u0131n Bolu ili Kat\u0131 At\u0131k Bertaraf tesisleri 2.s\u0131n\u0131f kat\u0131 at\u0131k depolama tesisi yap\u0131m i\u015fleri olmak \u00fczere 2 adet projesi daha bulunmaktad\u0131r.<\/p>\n<p>\u00c7olako\u011flu Firmas\u0131 kurulu\u015fundan itibaren ge\u00e7en 30 y\u0131ll\u0131k \u00e7al\u0131\u015fmas\u0131 sonunda, 1 Haziran 2020 tarihi itibariyle g\u00fcncellenmi\u015f de\u011feriyle 20 milyar T\u00fcrk liras\u0131 tutar\u0131nda tamamlam\u0131\u015f oldu\u011fu i\u015f deneyimi ile in\u015faat sekt\u00f6r\u00fcnde hak edilmi\u015f sa\u011flam ve itibarl\u0131 bir yere ula\u015fm\u0131\u015f bulunmaktad\u0131r. Tamamlanm\u0131\u015f baz\u0131 i\u015flerin s\u00f6zle\u015fme tarihi itibariyle i\u015f deneyim belgesi tutarlar\u0131 ve g\u00fcncellenmi\u015f tutarlar\u0131 arkadaki \u00e7izelgede g\u00f6sterilmi\u015f ve devam eden tan\u0131t\u0131m sayfalar\u0131nda da i\u015flerin kapsamlar\u0131 k\u0131saca belirtilmi\u015ftir.<\/p>\n<p>\u00d6zetle mevcut deneyimlerini, sahip oldu\u011fu \u0130SO 9001:2015 Kalite Y\u00f6netimi, \u0130SO 14001:2015 \u00c7evre Y\u00f6netimi ve OHSAS 18001:2007 \u0130\u015f Sa\u011fl\u0131\u011f\u0131 ve G\u00fcvenli\u011fi Y\u00f6netimi sertifikalar\u0131 ile birle\u015ftiren, deneyimli y\u00f6netimi ve yetkin personeli ile ya\u015fayan varl\u0131klara ve \u00e7evreye verdi\u011fi \u00f6nem ile sekt\u00f6re katk\u0131lar\u0131n\u0131 gelecekte de s\u00fcrd\u00fcrmek konusunda kararl\u0131 olan \u00c7olako\u011flu Firmam\u0131z in\u015faat sekt\u00f6r\u00fcnde uzun y\u0131llar daha gururla hizmet vermeye devam edece\u011fini, sayg\u0131de\u011fer sizlerin bilgisine sunar.<\/p><\/div><\/div><\/div><\/div><\/section><\/div> <!-- .cmt-element-heading-wrapper container --> [vc_separator css=&#8221;.vc_custom_1576215976351{margin-bottom: 0px !important;}&#8221;][vc_row_inner el_class=&#8221;cmt-column-inline cmt-col-seprator&#8221;][vc_column_inner width=&#8221;1\/3&#8243; css=&#8221;.vc_custom_1580382285432{padding-top: 25px !important;padding-right: 25px !important;}&#8221;]<div class=\"cmt-sbox cmt-sbox-iconalign-left-spacing cmt-sbox-bgcolor-transparent cmt-bgcolor-transparent cmt-sbox-textcolor- cmt-textcolor- cmt-sbox-isize-md cmt-sbox-isize-md cmt-sbox-istyle-rounded vc_custom_1592768346167 cmt-sbox-both-headings\"><section class=\"cmt-sboxvc_cta3-container\"><div class=\"cmt-vc_general cmt-sboxvc_cta3 cmt-sboxvc_cta3-align-left cmt-sboxvc_cta3-icon-size-md cmt-sboxvc_cta3-icons-left cmt-sboxvc_cta3-actions-no\"><div class=\"cmt-sboxvc_cta3-icons cmt-section-wrapper-cell\"><div class=\"cmt-vc_icon_element cmt-vc_icon_element-outer cmt-vc_icon_element-align-left  cmt-vc_icon_element-have-style\"><div class=\"cmt-vc_icon_element-inner  cmt-vc_icon_element-have-style-inner cmt-vc_icon_element-color-white cmt-vc_icon_element-size-md cmt-vc_icon_element-style-rounded cmt-vc_icon_element-background cmt-vc_icon_element-background-color-skincolor\" ><span class=\"cmt-vc_icon_element-icon cmt_duplexo flaticon-gear\" ><\/span><\/div><\/div><\/div><div class=\"cmt-vc_cta3_content-container\"><div class=\"cmt-vc_cta3-content\"><div class=\"cmt-vc_cta3-content-header cmt-section-wrapper\"><div class=\"cmt-sboxvc_cta3-headers cmt-section-wrapper-cell\"><h2 class=\"cmt-custom-heading \" >50 Y\u0131ll\u0131k<\/h2>\n<h4 style=\"font-size:13px;line-height:17px;\" class=\"cmt-custom-heading \" >Tecr\u00fcbe<\/h4>\n<\/div><\/div><\/div><div class=\"cmt-sboxcta3-desc-btn-wrapper\"><div class=\"cmt-sboxcta3-description\"><\/div><\/div><\/div><\/div><\/section><\/div>[\/vc_column_inner][vc_column_inner width=&#8221;1\/3&#8243; css=&#8221;.vc_custom_1580383707760{padding-top: 25px !important;padding-right: 25px !important;padding-left: 25px !important;}&#8221;][vc_single_image image=&#8221;445&#8243; img_size=&#8221;full&#8221; css=&#8221;.vc_custom_1582784763063{margin-bottom: 0px !important;}&#8221;][\/vc_column_inner][vc_column_inner width=&#8221;1\/3&#8243; css=&#8221;.vc_custom_1580383713599{padding-top: 25px !important;padding-left: 30px !important;}&#8221;]<h2 style=\"text-align:left;font-size:21px;line-height:28px;\" class=\"cmt-custom-heading vc_custom_1592768308099\" >H\u00fcseyin \u00c7OLAK<\/h2>\n<p style=\"text-align:left;font-size:13px;line-height:17px;\" class=\"cmt-custom-heading \" >Y\u00f6netim Kurulu Ba\u015fkan\u0131<\/p>\n[\/vc_column_inner][\/vc_row_inner][\/vc_column][\/vc_row]<\/p>\n","protected":false},"excerpt":{"rendered":"<p>[vc_row cmt_bgimagefixed=&#8221;&#8221; break_in_responsive=&#8221;991&#8243; full_width=&#8221;stretch_row&#8221; tm_bgimagefixed=&#8221;&#8221; css=&#8221;.vc_custom_1582784739532{padding-top: 66px !important;padding-bottom: 90px !important;background-image: url(https:\/\/colakoglu-as.com.tr\/wp-content\/uploads\/2020\/01\/cmt-rowbg-06.jpg?id=666) !important;background-position: center !important;background-repeat: no-repeat !important;background-size: cover !important;}&#8221; cmt_responsive_css=&#8221;97291357|colbreak_no|||||||||colbreak_no|||||30px||30px||colbreak_no||||||||||colbreak_no|||||||||&#8221;][vc_column width=&#8221;1\/2&#8243; css=&#8221;.vc_custom_1580382465538{background-position: center !important;background-repeat: no-repeat !important;background-size: cover !important;}&#8221;][vc_single_image image=&#8221;1705&#8243; img_size=&#8221;full&#8221; css=&#8221;.vc_custom_1592768190504{margin-bottom: 0px !important;}&#8221;][\/vc_column][vc_column width=&#8221;1\/2&#8243; css=&#8221;.vc_custom_1584943871012{padding-top: 118px !important;}&#8221; cmt_responsive_css=&#8221;41004784|colbreak_no|||||||||colbreak_no|||||40px||||colbreak_no||||||||||colbreak_no|||||||||&#8221;][vc_separator css=&#8221;.vc_custom_1576215976351{margin-bottom: 0px !important;}&#8221;][vc_row_inner el_class=&#8221;cmt-column-inline cmt-col-seprator&#8221;][vc_column_inner width=&#8221;1\/3&#8243; css=&#8221;.vc_custom_1580382285432{padding-top: 25px !important;padding-right: 25px !important;}&#8221;][\/vc_column_inner][vc_column_inner width=&#8221;1\/3&#8243; css=&#8221;.vc_custom_1580383707760{padding-top: 25px !important;padding-right: 25px !important;padding-left: 25px &hellip; <a href=\"https:\/\/colakoglu-as.com.tr\/?page_id=583\" class=\"more-link\">Continue reading <span class=\"screen-reader-text\">Hakk\u0131m\u0131zda<\/span><\/a><\/p>\n","protected":false},"author":1,"featured_media":0,"parent":0,"menu_order":6,"comment_status":"closed","ping_status":"closed","template":"","meta":{"footnotes":""},"class_list":["post-583","page","type-page","status-publish","hentry"],"_links":{"self":[{"href":"https:\/\/colakoglu-as.com.tr\/index.php?rest_route=\/wp\/v2\/pages\/583","targetHints":{"allow":["GET"]}}],"collection":[{"href":"https:\/\/colakoglu-as.com.tr\/index.php?rest_route=\/wp\/v2\/pages"}],"about":[{"href":"https:\/\/colakoglu-as.com.tr\/index.php?rest_route=\/wp\/v2\/types\/page"}],"author":[{"embeddable":true,"href":"https:\/\/colakoglu-as.com.tr\/index.php?rest_route=\/wp\/v2\/users\/1"}],"replies":[{"embeddable":true,"href":"https:\/\/colakoglu-as.com.tr\/index.php?rest_route=%2Fwp%2Fv2%2Fcomments&post=583"}],"version-history":[{"count":6,"href":"https:\/\/colakoglu-as.com.tr\/index.php?rest_route=\/wp\/v2\/pages\/583\/revisions"}],"predecessor-version":[{"id":2094,"href":"https:\/\/colakoglu-as.com.tr\/index.php?rest_route=\/wp\/v2\/pages\/583\/revisions\/2094"}],"wp:attachment":[{"href":"https:\/\/colakoglu-as.com.tr\/index.php?rest_route=%2Fwp%2Fv2%2Fmedia&parent=583"}],"curies":[{"name":"wp","href":"https:\/\/api.w.org\/{rel}","templated":true}]}}