{"id":578,"date":"2020-01-27T06:11:58","date_gmt":"2020-01-27T06:11:58","guid":{"rendered":"https:\/\/duplexo.cymolthemes.com\/?page_id=578"},"modified":"2024-11-21T12:39:47","modified_gmt":"2024-11-21T09:39:47","slug":"sosyal","status":"publish","type":"page","link":"https:\/\/colakoglu-as.com.tr\/?page_id=578","title":{"rendered":"Sosyal Sorumluluk"},"content":{"rendered":"<p>[vc_row cmt_bgimagefixed=&#8221;&#8221; break_in_responsive=&#8221;991&#8243; full_width=&#8221;stretch_row&#8221; tm_bgimagefixed=&#8221;&#8221; css=&#8221;.vc_custom_1582784111206{padding-top: 90px !important;padding-bottom: 55px !important;background-image: url(https:\/\/duplexo.cymolthemes.com\/duplexo-data\/wp-content\/uploads\/sites\/2\/2020\/01\/cmt-rowbg-05.png?id=597) !important;background-position: center !important;background-repeat: no-repeat !important;background-size: cover !important;}&#8221; cmt_responsive_css=&#8221;81615131|colbreak_no|||||||||colbreak_no|||||50px||25px||colbreak_no||||||||||colbreak_no|||||||||&#8221;][vc_column width=&#8221;1\/2&#8243;][vc_single_image image=&#8221;2135&#8243; img_size=&#8221;full&#8221;][vc_single_image image=&#8221;2136&#8243; img_size=&#8221;full&#8221;][vc_single_image image=&#8221;2137&#8243; img_size=&#8221;full&#8221;][\/vc_column][vc_column width=&#8221;1\/2&#8243; css=&#8221;.vc_custom_1582005484782{padding-top: 33px !important;}&#8221; cmt_responsive_css=&#8221;88025111|colbreak_no|||||||||colbreak_no|||||0px||||colbreak_no||||||||||colbreak_no|||||||||&#8221;]<div class=\"cmt-element-heading-wrapper cmt-sboxheading-inner cmt-sboxelement-align-left cmt-seperator-none cmt-sboxheading-style-vertical  vc_custom_1732179229236\"><section class=\"cmt-sboxvc_cta3-container\"><div class=\"cmt-vc_general cmt-sboxvc_cta3 cmt-sboxcta3-only cmt-sboxvc_cta3-style-classic cmt-sboxvc_cta3-shape-rounded cmt-sboxvc_cta3-align-left cmt-sboxvc_cta3-color-transparent cmt-sboxvc_cta3-icon-size-md cmt-sboxvc_cta3-actions-no cmt-sboxcta3-with-desc\"><div class=\"cmt-vc_cta3_content-container\"><div class=\"cmt-vc_cta3-content\"><header class=\"cmt-vc_cta3-content-header cmt-section-wrapper\"><div class=\"cmt-sboxvc_cta3-headers cmt-section-wrapper-cell\"><h4 class=\"cmt-custom-heading \" >\u00c7olako\u011flu \u0130n\u015faat<\/h4>\n<h2 class=\"cmt-custom-heading \" >SOSYAL SORUMLULUK<\/h2>\n<\/div><div class=\"heading-seperator\"><span><\/span><\/div><\/header><div class=\"cmt-sboxcta3-content-wrapper\"><p>09.06.1995 tarihinde Devlet Bakan\u0131 Naf\u0131z KURT taraf\u0131ndan bug\u00fcnk\u00fc yeni yerine temeli at\u0131ld\u0131. Ball\u0131ca Sigara Fabrikas\u0131 m\u00fcteahhiti \u00c7olako\u011flu Holding Y\u00f6netim Kurulu Ba\u015fkan\u0131 H\u00fcseyin \u00c7olak taraf\u0131ndan ba\u011f\u0131\u015f olarak binas\u0131 yap\u0131l\u0131p, Milli E\u011fitim Bakanl\u0131\u011f\u0131 emrine verilmi\u015ftir. Okulun demirba\u015flar\u0131 da yine ayn\u0131 m\u00fcteahhit taraf\u0131ndan sa\u011flanm\u0131\u015ft\u0131r. Okulun arsas\u0131 ise yine ayn\u0131 bakan taraf\u0131nca Tekel Genel M\u00fcd\u00fcrl\u00fc\u011f\u00fc taraf\u0131ndan tahsis edilerek ba\u011f\u0131\u015f yap\u0131lm\u0131\u015ft\u0131r. Okul binas\u0131n\u0131n oturdu\u011fu 480 m2 dahil okulun sahas\u0131 12.000 m2dir. Arsas\u0131n\u0131 Tekel \u0130\u015fletmeleri Genel M\u00fcd\u00fcrl\u00fc\u011f\u00fc verdi\u011finden ad\u0131n\u0131n ba\u015f\u0131nda Tekel, binay\u0131 yapt\u0131ran m\u00fcteahhitin babas\u0131n\u0131n ad\u0131na yapt\u0131r\u0131ld\u0131\u011f\u0131ndan babas\u0131n\u0131n ad\u0131 \u0130smail \u00c7olak olarak okulumuzun ad\u0131 onaylanm\u0131\u015f olup Tekel-\u0130smail \u00c7olak \u0130lk\u00f6\u011fretim Okulu ad\u0131 \u015firketin y\u00f6netim kurulu taraf\u0131ndan verilmi\u015ftir.<\/p><\/div><\/div><\/div><\/div><\/section><\/div> <!-- .cmt-element-heading-wrapper container --> [\/vc_column][\/vc_row]<\/p>\n","protected":false},"excerpt":{"rendered":"<p>[vc_row cmt_bgimagefixed=&#8221;&#8221; break_in_responsive=&#8221;991&#8243; full_width=&#8221;stretch_row&#8221; tm_bgimagefixed=&#8221;&#8221; css=&#8221;.vc_custom_1582784111206{padding-top: 90px !important;padding-bottom: 55px !important;background-image: url(https:\/\/duplexo.cymolthemes.com\/duplexo-data\/wp-content\/uploads\/sites\/2\/2020\/01\/cmt-rowbg-05.png?id=597) !important;background-position: center !important;background-repeat: no-repeat !important;background-size: cover !important;}&#8221; cmt_responsive_css=&#8221;81615131|colbreak_no|||||||||colbreak_no|||||50px||25px||colbreak_no||||||||||colbreak_no|||||||||&#8221;][vc_column width=&#8221;1\/2&#8243;][vc_single_image image=&#8221;2135&#8243; img_size=&#8221;full&#8221;][vc_single_image image=&#8221;2136&#8243; img_size=&#8221;full&#8221;][vc_single_image image=&#8221;2137&#8243; img_size=&#8221;full&#8221;][\/vc_column][vc_column width=&#8221;1\/2&#8243; css=&#8221;.vc_custom_1582005484782{padding-top: 33px !important;}&#8221; cmt_responsive_css=&#8221;88025111|colbreak_no|||||||||colbreak_no|||||0px||||colbreak_no||||||||||colbreak_no|||||||||&#8221;][\/vc_column][\/vc_row]<\/p>\n","protected":false},"author":1,"featured_media":0,"parent":0,"menu_order":5,"comment_status":"closed","ping_status":"closed","template":"","meta":{"footnotes":""},"class_list":["post-578","page","type-page","status-publish","hentry"],"_links":{"self":[{"href":"https:\/\/colakoglu-as.com.tr\/index.php?rest_route=\/wp\/v2\/pages\/578","targetHints":{"allow":["GET"]}}],"collection":[{"href":"https:\/\/colakoglu-as.com.tr\/index.php?rest_route=\/wp\/v2\/pages"}],"about":[{"href":"https:\/\/colakoglu-as.com.tr\/index.php?rest_route=\/wp\/v2\/types\/page"}],"author":[{"embeddable":true,"href":"https:\/\/colakoglu-as.com.tr\/index.php?rest_route=\/wp\/v2\/users\/1"}],"replies":[{"embeddable":true,"href":"https:\/\/colakoglu-as.com.tr\/index.php?rest_route=%2Fwp%2Fv2%2Fcomments&post=578"}],"version-history":[{"count":4,"href":"https:\/\/colakoglu-as.com.tr\/index.php?rest_route=\/wp\/v2\/pages\/578\/revisions"}],"predecessor-version":[{"id":2142,"href":"https:\/\/colakoglu-as.com.tr\/index.php?rest_route=\/wp\/v2\/pages\/578\/revisions\/2142"}],"wp:attachment":[{"href":"https:\/\/colakoglu-as.com.tr\/index.php?rest_route=%2Fwp%2Fv2%2Fmedia&parent=578"}],"curies":[{"name":"wp","href":"https:\/\/api.w.org\/{rel}","templated":true}]}}