{"id":1829,"date":"2020-06-23T12:23:20","date_gmt":"2020-06-23T09:23:20","guid":{"rendered":"https:\/\/colakoglu-as.com.tr\/?page_id=1829"},"modified":"2022-10-12T16:19:29","modified_gmt":"2022-10-12T13:19:29","slug":"imalatlarimiz","status":"publish","type":"page","link":"https:\/\/colakoglu-as.com.tr\/?page_id=1829","title":{"rendered":"\u0130malatlar\u0131m\u0131z"},"content":{"rendered":"<p>[vc_row][vc_column][vc_column_text]<\/p>\n<h3>PASLANMAZ \u00c7EL\u0130K TANK FABR\u0130KASI<\/h3>\n<p>Bilecik Organize Sanayi B\u00f6lgesi\u2019nde 20.000 m2 a\u00e7\u0131k alan ve 3.400 m2 kapal\u0131 alan i\u00e7erisinde kurulmu\u015f olan ve \u00e7a\u011fda\u015f \u00fcretim teknolojilerini uygulayan modern cihaz<br \/>\nve ekipmanlara sahip fabrikam\u0131zda her t\u00fcrl\u00fc paslanmaz \u00e7elik ve karbon \u00e7eli\u011fine d\u00f6n\u00fck imalat\u0131 ger\u00e7ekle\u015ftirilmi\u015ftir olup, fabrikam\u0131z faal de\u011fildir.[\/vc_column_text][\/vc_column][\/vc_row][vc_row][vc_column][vc_gallery type=&#8221;image_grid&#8221; images=&#8221;2033,2034,2035&#8243; img_size=&#8221;350&#215;350&#8243;][\/vc_column][\/vc_row]<\/p>\n","protected":false},"excerpt":{"rendered":"<p>[vc_row][vc_column][vc_column_text] PASLANMAZ \u00c7EL\u0130K TANK FABR\u0130KASI Bilecik Organize Sanayi B\u00f6lgesi\u2019nde 20.000 m2 a\u00e7\u0131k alan ve 3.400 m2 kapal\u0131 alan i\u00e7erisinde kurulmu\u015f olan ve \u00e7a\u011fda\u015f \u00fcretim teknolojilerini uygulayan modern cihaz ve ekipmanlara sahip fabrikam\u0131zda her t\u00fcrl\u00fc paslanmaz \u00e7elik ve karbon \u00e7eli\u011fine d\u00f6n\u00fck imalat\u0131 ger\u00e7ekle\u015ftirilmi\u015ftir olup, fabrikam\u0131z faal de\u011fildir.[\/vc_column_text][\/vc_column][\/vc_row][vc_row][vc_column][vc_gallery type=&#8221;image_grid&#8221; images=&#8221;2033,2034,2035&#8243; img_size=&#8221;350&#215;350&#8243;][\/vc_column][\/vc_row]<\/p>\n","protected":false},"author":1,"featured_media":0,"parent":0,"menu_order":0,"comment_status":"closed","ping_status":"closed","template":"","meta":{"footnotes":""},"class_list":["post-1829","page","type-page","status-publish","hentry"],"_links":{"self":[{"href":"https:\/\/colakoglu-as.com.tr\/index.php?rest_route=\/wp\/v2\/pages\/1829","targetHints":{"allow":["GET"]}}],"collection":[{"href":"https:\/\/colakoglu-as.com.tr\/index.php?rest_route=\/wp\/v2\/pages"}],"about":[{"href":"https:\/\/colakoglu-as.com.tr\/index.php?rest_route=\/wp\/v2\/types\/page"}],"author":[{"embeddable":true,"href":"https:\/\/colakoglu-as.com.tr\/index.php?rest_route=\/wp\/v2\/users\/1"}],"replies":[{"embeddable":true,"href":"https:\/\/colakoglu-as.com.tr\/index.php?rest_route=%2Fwp%2Fv2%2Fcomments&post=1829"}],"version-history":[{"count":6,"href":"https:\/\/colakoglu-as.com.tr\/index.php?rest_route=\/wp\/v2\/pages\/1829\/revisions"}],"predecessor-version":[{"id":2072,"href":"https:\/\/colakoglu-as.com.tr\/index.php?rest_route=\/wp\/v2\/pages\/1829\/revisions\/2072"}],"wp:attachment":[{"href":"https:\/\/colakoglu-as.com.tr\/index.php?rest_route=%2Fwp%2Fv2%2Fmedia&parent=1829"}],"curies":[{"name":"wp","href":"https:\/\/api.w.org\/{rel}","templated":true}]}}